{"id":3620,"date":"2024-07-01T10:57:46","date_gmt":"2024-07-01T01:57:46","guid":{"rendered":"https:\/\/www.arkray-adams-portal.com\/?page_id=3620"},"modified":"2025-10-15T14:59:13","modified_gmt":"2025-10-15T05:59:13","slug":"other-services","status":"publish","type":"page","link":"https:\/\/www.arkray-adams-portal.com\/pl\/other-services\/","title":{"rendered":"Inne us\u0142ugi"},"content":{"rendered":"<p class=\"gutenify-section-95fcdc90-32b9-11ef-a0ed-a153b376eb38\"><\/p>\n\n\n\n<div class=\"wp-block-group alignfull vhl-page gutenify-section-cc481de0-329c-11ef-85a8-476510008437 is-layout-constrained wp-block-group-is-layout-constrained\" style=\"margin-top:5.1%\">\n<div class=\"wp-block-group alignfull banner gutenify-section-3c1aebb0-7be1-11ef-bd7a-c11f76b27f00 has-background is-layout-constrained wp-container-core-group-is-layout-12243e0f wp-block-group-is-layout-constrained\" style=\"background-color:#6e6e6e\">\n<div class=\"wp-block-uagb-advanced-heading uagb-block-065b6d5c banner-title gutenify-section-64d25a20-7be1-11ef-bd7a-c11f76b27f00\"><h2 class=\"uagb-heading-text\">Inne us\u0142ugi<\/h2><\/div>\n\n\n\n<div class=\"wp-block-uagb-advanced-heading uagb-block-1fe51e27 header-heading gutenify-section-5bfadd00-7be1-11ef-bd7a-c11f76b27f00\"><h2 class=\"uagb-heading-text\"><a href=\"https:\/\/www.arkray-adams-portal.com\/pl\/\" data-type=\"page\" data-id=\"69\"><span style=\"text-decoration: underline;\">Dom<\/span><\/a> &gt; Inne us\u0142ugi<\/h2><\/div>\n<\/div>\n\n\n\n<div class=\"wp-block-group alignfull has-no-underline vhl-container gutenify-section-84ae68b0-0ea5-11ef-b75b-c3b98f69dfa1 is-layout-constrained wp-container-core-group-is-layout-de66f7d4 wp-block-group-is-layout-constrained\" style=\"margin-top:5%;margin-bottom:5%;padding-top:0;padding-right:27%;padding-bottom:0;padding-left:27%\">\n<div class=\"wp-block-columns alignfull gutenify-section-86a863f0-0ea5-11ef-b75b-c3b98f69dfa1 is-layout-flex wp-container-core-columns-is-layout-f77e2de0 wp-block-columns-is-layout-flex\">\n<div class=\"wp-block-column gutenify-section-87d683b0-0ea5-11ef-b75b-c3b98f69dfa1 is-layout-flow wp-block-column-is-layout-flow\" style=\"padding-right:1.5em;padding-left:1.5em;flex-basis:45em\">\n<div class=\"wp-block-essential-blocks-slider slider gutenify-section-6c664a90-1100-11ef-8ef7-9bb9e40033b9  root-eb-slider-ceo28\"><div class=\"eb-parent-wrapper eb-parent-eb-slider-ceo28\"><div class=\"eb-slider-wrapper eb-slider-ceo28\" data-blockid=\"eb-slider-ceo28\" data-version=\"v4\" data-settings=\"eyJhcnJvd3MiOmZhbHNlLCJhZGFwdGl2ZUhlaWdodCI6dHJ1ZSwiYXV0b3BsYXkiOmZhbHNlLCJhdXRvcGxheVNwZWVkIjozMDAwLCJkb3RzIjp0cnVlLCJmYWRlIjpmYWxzZSwiaW5maW5pdGUiOnRydWUsInBhdXNlT25Ib3ZlciI6dHJ1ZSwic2xpZGVzVG9TaG93IjoxLCJzcGVlZCI6NTAwLCJ2ZXJ0aWNhbCI6ZmFsc2UsImN1cnJlbnRTbGlkZSI6MCwicnRsIjpmYWxzZSwicmVzcG9uc2l2ZSI6W3siYnJlYWtwb2ludCI6MTAyNSwic2V0dGluZ3MiOnsic2xpZGVzVG9TaG93IjoxfX0seyJicmVha3BvaW50Ijo3NjcsInNldHRpbmdzIjp7InNsaWRlc1RvU2hvdyI6MX19XX0=\" data-arrownexticon=\"fas fa-arrow-alt-circle-right\" data-arrowprevicon=\"fas fa-arrow-alt-circle-left\" data-lightbox=\"false\"><div class=\"eb-slider-init eb-slider-type-image\"><div class=\"eb-slider-item content-1\" data-src=\"https:\/\/www.arkray-adams-portal.com\/wp-content\/uploads\/2024\/08\/HbLibrary.jpg\"><div><img class=\"eb-slider-image\" data-lazy=\"https:\/\/www.arkray-adams-portal.com\/wp-content\/uploads\/2024\/08\/HbLibrary.jpg\"\/><\/div><\/div><div class=\"eb-slider-item content-1\" data-src=\"https:\/\/www.arkray-adams-portal.com\/wp-content\/uploads\/2025\/01\/hemoglobinlibrary.png\"><div><img class=\"eb-slider-image\" data-lazy=\"https:\/\/www.arkray-adams-portal.com\/wp-content\/uploads\/2025\/01\/hemoglobinlibrary.png\"\/><\/div><\/div><div class=\"eb-slider-item content-1\" data-src=\"https:\/\/www.arkray-adams-portal.com\/wp-content\/uploads\/2025\/01\/hblibrary.png\"><div><img class=\"eb-slider-image\" data-lazy=\"https:\/\/www.arkray-adams-portal.com\/wp-content\/uploads\/2025\/01\/hblibrary.png\"\/><\/div><\/div><\/div><\/div><\/div><\/div>\n<\/div>\n\n\n\n<div class=\"wp-block-column vhl-right gutenify-section-87db1790-0ea5-11ef-b75b-c3b98f69dfa1 is-layout-flow wp-block-column-is-layout-flow\" style=\"flex-basis:45em\">\n<div class=\"wp-block-uagb-advanced-heading uagb-block-b01d9785 chroma gutenify-section-d8cf1950-13ee-11ef-ab29-1380370fe967\"><h2 class=\"uagb-heading-text\"><strong>Zbieranie danych chromatogramowych<\/strong><\/h2><\/div>\n\n\n\n<div class=\"wp-block-uagb-advanced-heading uagb-block-16c649cb variant-title gutenify-section-9928b7f0-0ea5-11ef-b75b-c3b98f69dfa1\"><h2 class=\"uagb-heading-text\">Biblioteka wariant\u00f3w hemoglobiny<\/h2><\/div>\n\n\n\n<div class=\"wp-block-uagb-buttons uagb-buttons__outer-wrap uagb-btn__default-btn uagb-btn-tablet__default-btn uagb-btn-mobile__default-btn uagb-block-c30856b1\"><div class=\"uagb-buttons__wrap uagb-buttons-layout-wrap\">\n<div class=\"wp-block-uagb-buttons-child uagb-buttons__outer-wrap uagb-block-96061a5d wp-block-button vhl-buttons\"><div class=\"uagb-button__wrapper\"><a class=\"uagb-buttons-repeater wp-block-button__link\" aria-label=\"\" href=\"https:\/\/www.arkray.eu\/hb\/login\" rel=\"follow noopener\" target=\"_blank\" role=\"button\"><span class=\"uagb-button__icon uagb-button__icon-position-before\"><svg xmlns=\"https:\/\/www.w3.org\/2000\/svg\" viewbox=\"0 0 448 512\" aria-hidden=\"true\" focussable=\"false\"><path d=\"M256 64C256 46.33 270.3 32 288 32H415.1C415.1 32 415.1 32 415.1 32C420.3 32 424.5 32.86 428.2 34.43C431.1 35.98 435.5 38.27 438.6 41.3C438.6 41.35 438.6 41.4 438.7 41.44C444.9 47.66 447.1 55.78 448 63.9C448 63.94 448 63.97 448 64V192C448 209.7 433.7 224 416 224C398.3 224 384 209.7 384 192V141.3L214.6 310.6C202.1 323.1 181.9 323.1 169.4 310.6C156.9 298.1 156.9 277.9 169.4 265.4L338.7 96H288C270.3 96 256 81.67 256 64V64zM0 128C0 92.65 28.65 64 64 64H160C177.7 64 192 78.33 192 96C192 113.7 177.7 128 160 128H64V416H352V320C352 302.3 366.3 288 384 288C401.7 288 416 302.3 416 320V416C416 451.3 387.3 480 352 480H64C28.65 480 0 451.3 0 416V128z\"><\/path><\/svg><\/span><div class=\"uagb-button__link\">Przejd\u017a do serwisu<\/div><\/a><\/div><\/div>\n\n\n\n<div class=\"wp-block-uagb-buttons-child uagb-buttons__outer-wrap uagb-block-91c147a4 wp-block-button vhl-buttons\"><div class=\"uagb-button__wrapper\"><a class=\"uagb-buttons-repeater wp-block-button__link\" aria-label=\"\" href=\"https:\/\/www.arkray-adams-portal.com\/wp-content\/uploads\/2025\/01\/ARKRAY-Variant-Hemoglobin-Library_link.pdf\" rel=\"follow noopener\" target=\"_blank\" role=\"button\"><span class=\"uagb-button__icon uagb-button__icon-position-before\"><svg xmlns=\"https:\/\/www.w3.org\/2000\/svg\" viewbox=\"0 0 512 512\" aria-hidden=\"true\" focussable=\"false\"><path d=\"M480 32H128C110.3 32 96 46.33 96 64v336C96 408.8 88.84 416 80 416S64 408.8 64 400V96H32C14.33 96 0 110.3 0 128v288c0 35.35 28.65 64 64 64h384c35.35 0 64-28.65 64-64V64C512 46.33 497.7 32 480 32zM272 416h-96C167.2 416 160 408.8 160 400C160 391.2 167.2 384 176 384h96c8.836 0 16 7.162 16 16C288 408.8 280.8 416 272 416zM272 320h-96C167.2 320 160 312.8 160 304C160 295.2 167.2 288 176 288h96C280.8 288 288 295.2 288 304C288 312.8 280.8 320 272 320zM432 416h-96c-8.836 0-16-7.164-16-16c0-8.838 7.164-16 16-16h96c8.836 0 16 7.162 16 16C448 408.8 440.8 416 432 416zM432 320h-96C327.2 320 320 312.8 320 304C320 295.2 327.2 288 336 288h96C440.8 288 448 295.2 448 304C448 312.8 440.8 320 432 320zM448 208C448 216.8 440.8 224 432 224h-256C167.2 224 160 216.8 160 208v-96C160 103.2 167.2 96 176 96h256C440.8 96 448 103.2 448 112V208z\"><\/path><\/svg><\/span><div class=\"uagb-button__link\">Broszura<\/div><\/a><\/div><\/div>\n<\/div><\/div>\n\n\n\n<div class=\"wp-block-uagb-advanced-heading uagb-block-8a27c351 vhl-paragraph gutenify-section-7630fce0-11a6-11ef-9185-753e20185448\"><h1 class=\"uagb-heading-text\">Niniejsza strona internetowa stanowi narz\u0119dzie edukacyjne dla u\u017cytkownik\u00f3w systemu ARKRAY, kt\u00f3rzy maj\u0105 do czynienia z pr\u00f3bkami pacjent\u00f3w mog\u0105cymi zawiera\u0107 warianty hemoglobiny.<\/h1><\/div>\n\n\n\n<div class=\"wp-block-uagb-advanced-heading uagb-block-7e81432f vhl-sf gutenify-section-bf6e1f80-0ea6-11ef-b75b-c3b98f69dfa1\"><h2 class=\"uagb-heading-text\">Zbieranie danych<\/h2><p class=\"uagb-desc-text\">W tej bibliotece gromadzone s\u0105 r\u00f3\u017cnorodne chromatogramy zaobserwowane dla r\u00f3\u017cnych wariant\u00f3w hemoglobiny.<\/p><\/div>\n\n\n\n<div class=\"wp-block-uagb-advanced-heading uagb-block-6c7b220f vhl-sf gutenify-section-6e8e99d0-11a5-11ef-9185-753e20185448\"><h2 class=\"uagb-heading-text\">Surowy chromatogram<\/h2><p class=\"uagb-desc-text\">Mo\u017cesz pozna\u0107 dodatkowe informacje, kt\u00f3rych nie wida\u0107 na wydrukowanym wyniku.<\/p><\/div>\n\n\n\n<div class=\"wp-block-uagb-advanced-heading uagb-block-da2d93e5 vhl-sf gutenify-section-7cf87b30-11a5-11ef-9185-753e20185448\"><h2 class=\"uagb-heading-text\">Podej\u015bcie oparte na wsp\u00f3\u0142pracy<\/h2><p class=\"uagb-desc-text\">Zale\u017cy nam na dostarczaniu najlepszych mo\u017cliwych zasob\u00f3w do analizy wariant\u00f3w hemoglobiny. Cenimy Pa\u0144stwa uwagi i opinie, dzi\u0119ki kt\u00f3rym mo\u017cemy stale udoskonala\u0107 nasz\u0105 bibliotek\u0119.<\/p><\/div>\n<\/div>\n<\/div>\n<\/div>\n<\/div>\n\n\n\n<div class=\"wp-block-group alignfull featured-topics gutenify-section-6f08aff0-2fae-11ef-9d6c-4508b759b85f is-layout-constrained wp-container-core-group-is-layout-b9fe9bb8 wp-block-group-is-layout-constrained has-background\" style=\"margin-bottom:0%;padding-top:3%;padding-right:10%;padding-bottom:3%;padding-left:10%;background-image:url(&apos;https:\/\/www.arkray-adams-portal.com\/wp-content\/uploads\/2024\/08\/carousel-bg-latest.png&apos;);background-position:50% 0;background-size:cover;\">\n<div class=\"wp-block-uagb-advanced-heading uagb-block-83c77526 gutenify-section-2734bcb0-2fad-11ef-9d6c-4508b759b85f\"><h1 class=\"uagb-heading-text\">Polecane tematy<\/h1><\/div>\n\n\n<div class='ft-topics-wrapper'>\n                <div class='ft-topics-container'>\n                    <div class='ft-topics-topics no-translate' data-no-translation=\"\" data-no-auto-translation=\"\"><div class='ft-topics-topic'>\n                        <a href='https:\/\/www.arkray-adams-portal.com\/pl\/hba1c-for-monitoring-glycemic-control-in-2023-and-in-the-future\/' class='text-decoration-none' style='color:black'>\n                            <div class='ft-image-container'>\n                                <div class='ft-topics-image'>\n                                    <img src='https:\/\/www.arkray-adams-portal.com\/wp-content\/uploads\/2025\/01\/Webinar-scaled.jpg' alt='Article Image'>\n                                <\/div>\n                            <\/div>\n                            <h3 class='single-ellipsis'>HbA1c for monitoring glycemic control in 2023 and in the future<\/h3>\n                            <div class='ft-topics-info'>\n                                <p class='ft-topics-date' style='font-size:15px;'>March 15, 2023<\/p>\n                                <p class='ft-topics-tag' style='font-size:15px; border-radius: 5px; background-color: #D17858; color:white; padding: 5px 10px;' title='Webinar'>Webinar<\/p>\n                            <\/div>\n                            <p class='ft-topics-description overflow-ellipsis'>HbA1c for monitoring glycemic control in 2023 and in the future<\/p>\n                        <\/a><div class='ft-topics-tags-container no-translate' data-no-translation=\"\" data-no-auto-translation=\"\"><a href='?s=HbA1c' class='ft-topics-tag' style='color: #8AB1CD;'>#HbA1c<\/a><a href='?s=hemoglobinopathy' class='ft-topics-tag' style='color: #8AB1CD;'>#hemoglobinopathy<\/a><\/div><\/div><div class='ft-topics-topic no-translate' data-no-translation=\"\" data-no-auto-translation=\"\">\n                        <a href='https:\/\/www.arkray-adams-portal.com\/pl\/analytical-evaluation-and-quality-assessment-of-the-arkray-adams-a1c-lite-ha-8380v-for-hba1c-2\/' class='text-decoration-none' style='color:black'>\n                            <div class='ft-image-container'>\n                                <div class='ft-topics-image'>\n                                    <img src='https:\/\/www.arkray-adams-portal.com\/wp-content\/uploads\/2025\/01\/pixabay_book2.jpg' alt='Article Image'>\n                                <\/div>\n                            <\/div>\n                            <h3 class='single-ellipsis'>Analytical evaluation and quality assessment of the ARKRAY ADAMS A1c Lite HA-8380V for HbA1c<\/h3>\n                            <div class='ft-topics-info'>\n                                <p class='ft-topics-date' style='font-size:15px;'>June 23, 2023<\/p>\n                                <p class='ft-topics-tag' style='font-size:15px; border-radius: 5px; background-color: #A886B2; color:white; padding: 5px 10px;' title='Publications'>Publications<\/p>\n                            <\/div>\n                            <p class='ft-topics-description overflow-ellipsis'>Analytical evaluation and quality assessment of the ARKRAY ADAMS A1c Lite HA-8380V for HbA1c<\/p>\n                        <\/a><div class='ft-topics-tags-container no-translate' data-no-translation=\"\" data-no-auto-translation=\"\"><a href='?s=HA-8380V' class='ft-topics-tag' style='color: #8AB1CD;'>#HA-8380V<\/a><a href='?s=HbA1c' class='ft-topics-tag' style='color: #8AB1CD;'>#HbA1c<\/a><a href='?s=diabetes' class='ft-topics-tag' style='color: #8AB1CD;'>#diabetes<\/a><\/div><\/div><\/div><\/div><\/div><style>\n        .ft-topics-wrapper {\n            width: 100%;\n            overflow-x: hidden;\n        }\n\n        @media (max-width: 800px) {\n            .ft-topics-wrapper {\n                overflow-x: auto;\n                margin-top: 20px;\n            }\n        }\n\n        .ft-topics-container {\n            width: 100%;\n            max-width: 100%; \/* Set max-width to 100% *\/\n            padding: 20px 0;\n            box-sizing: border-box;\n            margin: 0 auto;\n        }\n\n        .ft-topics-topics {\n            display: flex;\n            flex-wrap: wrap;\n            justify-content: space-between;\n            gap: 30px;\n        }\n\n        .ft-topics-topic {\n            flex: 1 1 300px;\n            max-width: calc(33.333% - 14px);\n            box-sizing: border-box;\n            padding: 15px 0;\n            background-color: hsla(0, 0%, 100%, 0.1);\n            color: black;\n            text-align: left;\n            border-radius: 10px;\n        }\n\n        \/*\n        .ft-image-container {\n            height: 350px;\n            display: flex;\n            justify-content: center;\n            align-items: center;\n            margin-bottom: 10px;\n        }\n        *\/\n\n        .ft-topics-image {\n            height: 350px;\n            width: 100%;\n            overflow: hidden;\n            display: flex;\n            justify-content: center;\n            align-items: center;\n            margin-bottom: 20px;\n            border-radius: 15px;\n        }\n\n        .ft-topics-image img {\n            height: auto;\n            width: 100%;\n            transition: transform 0.3s ease;\n            border-radius: 15px;\n            object-fit: contain;\n        }\n\n        \/*\n        .ft-topics-image {\n            height: 300px;\n            width: auto;\n            overflow: hidden;\n            display: flex;\n            justify-content: center;\n            align-items: center;\n            border-radius: 15px;\n            margin-bottom: 10px;\n        }\n\n        .ft-topics-image img {\n            height: 100%;\n            transition: transform 0.3s ease;\n            border-radius: 15px;\n        }\n        *\/\n\n        .ft-topics-topic h3 {\n            font-size: 24px;\n            font-weight: bold;\n            margin: 15px 0;\n        }\n\n        .ft-topics-description {\n            font-size: 15px;\n            margin-bottom: 15px;\n            line-height: 1.5;\n            height: 45px;\n        }\n\n        .ft-topics-info {\n            display: flex;\n            justify-content: space-between;\n            align-items: center;\n            overflow: hidden;\n        }\n\n        .ft-topics-date {\n            font-size: 15px;\n        }\n\n        .ft-topics-tag {\n            white-space: nowrap; \n            overflow: hidden; \n            text-overflow: ellipsis; \/* Enable ellipsis *\/\n            padding: 5px 0;\n            border: none;\n            color: #8AB1CD;\n            font-size: 15px;\n            border-radius: 15px;\n        }\n\n        .ft-topics-tags-container {\n            display: flex;\n            flex-wrap: wrap;\n            gap: 10px;\n            margin: 0;\n            padding: 0;\n        }\n\n        .ft-topics-tags-container .ft-topics-tag {\n            text-decoration: underline!important;\n        }\n\n        .ft-topics-tags-container .ft-topics-tag:hover {\n            text-decoration: none!important;\n        }\n\n        .ftButton {\n        font-size: 20px;\n        border: solid 2px #000;\n        border-radius: 10px;\n        padding: 10px 25px;\n        background-color: transparent;\n        cursor: pointer;\n        display: inline-flex;\n        align-items: center;\n        color: black;\n        }\n\n        .ftButton .right-arrow {\n        margin-left: 15px;\n        }\n\n        @media (max-width: 1599px) {\n            .ft-topics-topic {\n                max-width: calc(50% - 10px);\n            }\n        }\n\n        @media (max-width: 800px) {\n            .ft-topics-topic {\n                max-width: 100%;\n            }\n            \n            .ft-topics-topic img {\n                height: 200px;\n            }\n        }\n    <\/style>\n\n\n\n<div class=\"wp-block-uagb-buttons uagb-buttons__outer-wrap uagb-btn__default-btn uagb-btn-tablet__default-btn uagb-btn-mobile__default-btn uagb-block-fee5e6df\"><div class=\"uagb-buttons__wrap uagb-buttons-layout-wrap\">\n<div class=\"wp-block-uagb-buttons-child uagb-buttons__outer-wrap uagb-block-c6a3304f wp-block-button\"><div class=\"uagb-button__wrapper\"><a class=\"uagb-buttons-repeater wp-block-button__link\" aria-label=\"\" href=\"https:\/\/www.arkray-adams-portal.com\/pl\/featured-topics\/\" rel=\"follow noopener\" target=\"_self\" role=\"button\"><div class=\"uagb-button__link\">Zobacz wi\u0119cej<\/div><span class=\"uagb-button__icon uagb-button__icon-position-after\"><svg xmlns=\"https:\/\/www.w3.org\/2000\/svg\" viewbox=\"0 0 448 512\" aria-hidden=\"true\" focussable=\"false\"><path d=\"M438.6 278.6l-160 160C272.4 444.9 264.2 448 256 448s-16.38-3.125-22.62-9.375c-12.5-12.5-12.5-32.75 0-45.25L338.8 288H32C14.33 288 .0016 273.7 .0016 256S14.33 224 32 224h306.8l-105.4-105.4c-12.5-12.5-12.5-32.75 0-45.25s32.75-12.5 45.25 0l160 160C451.1 245.9 451.1 266.1 438.6 278.6z\"><\/path><\/svg><\/span><\/a><\/div><\/div>\n<\/div><\/div>\n<\/div>","protected":false},"excerpt":{"rendered":"<p>Other Services Home > Other Services Chromatogram Data Collection Variant Hemoglobin Library This website serves [&hellip;]<\/p>\n","protected":false},"author":1,"featured_media":7338,"parent":0,"menu_order":0,"comment_status":"closed","ping_status":"closed","template":"page-no-title","meta":{"_acf_changed":false,"_eb_attr":"","_oasis_is_in_workflow":0,"_oasis_original":0,"_uag_custom_page_level_css":".banner{\n\tmargin: 7% 0 0% 0!important;\n\tpadding: 0!important;\n\tposition: relative;\n\theight: 250px;\n}\n\n.banner-title{\n\tposition: absolute;\n\twidth: 100%;\n\ttop: 0;\n\tleft: 0;\n\tright: 0;\n\tbottom: 20%;\n\tdisplay: flex;\n\tjustify-content: center;\n\talign-items: center;\n}\n\n.header-heading{\n\tposition: absolute;\n\twidth: 100%;\n\tbottom: 10%;\n\tleft: 0;\n\tright: 0;\n}\n\n.slider{\n\tborder-radius: 12px;\n\tbox-shadow:0px 0px 20px 1px grey;\n\twidth: auto;;\n\theight: 450px;\n\tmargin: 0px!important;\n\tpadding-top: 1px!important;\n}\n\n.eb-slider-wrapper.eb-slider-ceo28 .slick-dots{\n\tbottom: -20%!important;\n}\n\n.eb-slider-wrapper .eb-slider-type-image .eb-slider-item img{\n\tobject-fit: contain;\n}\n\n.header-heading span:hover{\n\ttext-decoration: none!important;\n}\n\n@media (max-width: 1222px){\n\t.vhl-page {\n\t\tmargin-top: 15%!important;\n\t}\n}\n\n@media (max-width: 1024px){\n\t.vhl-right {\n\t\ttext-align: center;\n\t}\n\t\n\t.vhl-buttons{\n\t\tjustify-content: center;\n\t}\n}\n\n@media (max-width: 723px){\n\t.vhl-page {\n\t\tmargin-top: 25%!important;\n\t}\n}\n\n@media (max-width: 640px){\n\t.variant-title h2{\n\t\tfont-size: 24px!important;\n\t}\n\t\n\t.vhl-buttons .uagb-buttons-repeater{\n\t\tpadding: 10px 15px;\n\t}\n\t\n\t.vhl-buttons .uagb-button__link{\n\t\tfont-size: 12px;\n\t}\n\t\n\t.vhl-paragraph h1{\n\t\tfont-size: 12px!important;\n\t}\n\t\n\t.vhl-sf h2{\n\t\tfont-size: 20px!important;\n\t}\n\t\n\t.vhl-sf p{\n\t\tfont-size: 12px!important;\n\t}\n\t\n\t.vhl-container .slider{\n\t\theight: auto;\n\t}\n\t\n\t.vhl-container .slick-dots{\n\t\tmargin-bottom: -5%!important;\n\t}\n}\n\n@media (max-width: 480px) {\n\n\t.variant{\n\t\ttext-align: center;\n\t}\n\t.chroma{\n\t\ttext-align: center;\n\t}\n}\n\n\n\n\n","footnotes":""},"categories":[],"tags":[],"class_list":["post-3620","page","type-page","status-publish","has-post-thumbnail","hentry"],"acf":[],"uagb_featured_image_src":{"full":["https:\/\/www.arkray-adams-portal.com\/wp-content\/uploads\/2024\/12\/no-image-available.jpg",360,360,false],"thumbnail":["https:\/\/www.arkray-adams-portal.com\/wp-content\/uploads\/2024\/12\/no-image-available-150x150.jpg",150,150,true],"medium":["https:\/\/www.arkray-adams-portal.com\/wp-content\/uploads\/2024\/12\/no-image-available-300x300.jpg",300,300,true],"medium_large":["https:\/\/www.arkray-adams-portal.com\/wp-content\/uploads\/2024\/12\/no-image-available.jpg",360,360,false],"large":["https:\/\/www.arkray-adams-portal.com\/wp-content\/uploads\/2024\/12\/no-image-available.jpg",360,360,false],"1536x1536":["https:\/\/www.arkray-adams-portal.com\/wp-content\/uploads\/2024\/12\/no-image-available.jpg",360,360,false],"2048x2048":["https:\/\/www.arkray-adams-portal.com\/wp-content\/uploads\/2024\/12\/no-image-available.jpg",360,360,false],"trp-custom-language-flag":["https:\/\/www.arkray-adams-portal.com\/wp-content\/uploads\/2024\/12\/no-image-available-12x12.jpg",12,12,true]},"uagb_author_info":{"display_name":"XOO-Admin","author_link":"https:\/\/www.arkray-adams-portal.com\/pl\/author\/xoo-admin\/"},"uagb_comment_info":0,"uagb_excerpt":"Other Services Home > Other Services Chromatogram Data Collection Variant Hemoglobin Library This website serves [&hellip;]","_links":{"self":[{"href":"https:\/\/www.arkray-adams-portal.com\/pl\/wp-json\/wp\/v2\/pages\/3620","targetHints":{"allow":["GET"]}}],"collection":[{"href":"https:\/\/www.arkray-adams-portal.com\/pl\/wp-json\/wp\/v2\/pages"}],"about":[{"href":"https:\/\/www.arkray-adams-portal.com\/pl\/wp-json\/wp\/v2\/types\/page"}],"author":[{"embeddable":true,"href":"https:\/\/www.arkray-adams-portal.com\/pl\/wp-json\/wp\/v2\/users\/1"}],"replies":[{"embeddable":true,"href":"https:\/\/www.arkray-adams-portal.com\/pl\/wp-json\/wp\/v2\/comments?post=3620"}],"version-history":[{"count":67,"href":"https:\/\/www.arkray-adams-portal.com\/pl\/wp-json\/wp\/v2\/pages\/3620\/revisions"}],"predecessor-version":[{"id":8539,"href":"https:\/\/www.arkray-adams-portal.com\/pl\/wp-json\/wp\/v2\/pages\/3620\/revisions\/8539"}],"wp:featuredmedia":[{"embeddable":true,"href":"https:\/\/www.arkray-adams-portal.com\/pl\/wp-json\/wp\/v2\/media\/7338"}],"wp:attachment":[{"href":"https:\/\/www.arkray-adams-portal.com\/pl\/wp-json\/wp\/v2\/media?parent=3620"}],"wp:term":[{"taxonomy":"category","embeddable":true,"href":"https:\/\/www.arkray-adams-portal.com\/pl\/wp-json\/wp\/v2\/categories?post=3620"},{"taxonomy":"post_tag","embeddable":true,"href":"https:\/\/www.arkray-adams-portal.com\/pl\/wp-json\/wp\/v2\/tags?post=3620"}],"curies":[{"name":"wp","href":"https:\/\/api.w.org\/{rel}","templated":true}]}}